{"id":647,"date":"2024-11-04T12:47:23","date_gmt":"2024-11-04T09:47:23","guid":{"rendered":"https:\/\/www.kraftmimarlikinsaat.com\/insaat\/?page_id=647"},"modified":"2025-09-03T18:52:18","modified_gmt":"2025-09-03T15:52:18","slug":"yerinde-donusum-acelya-apt","status":"publish","type":"page","link":"https:\/\/www.kraftmimarlikinsaat.com\/insaat\/yerinde-donusum-acelya-apt\/","title":{"rendered":"Yerinde D\u00f6n\u00fc\u015f\u00fcm A\u00e7elya Apt."},"content":{"rendered":"","protected":false},"excerpt":{"rendered":"","protected":false},"author":1,"featured_media":0,"parent":0,"menu_order":0,"comment_status":"closed","ping_status":"closed","template":"","meta":{"footnotes":""},"class_list":["post-647","page","type-page","status-publish","hentry"],"_links":{"self":[{"href":"https:\/\/www.kraftmimarlikinsaat.com\/insaat\/wp-json\/wp\/v2\/pages\/647","targetHints":{"allow":["GET"]}}],"collection":[{"href":"https:\/\/www.kraftmimarlikinsaat.com\/insaat\/wp-json\/wp\/v2\/pages"}],"about":[{"href":"https:\/\/www.kraftmimarlikinsaat.com\/insaat\/wp-json\/wp\/v2\/types\/page"}],"author":[{"embeddable":true,"href":"https:\/\/www.kraftmimarlikinsaat.com\/insaat\/wp-json\/wp\/v2\/users\/1"}],"replies":[{"embeddable":true,"href":"https:\/\/www.kraftmimarlikinsaat.com\/insaat\/wp-json\/wp\/v2\/comments?post=647"}],"version-history":[{"count":1,"href":"https:\/\/www.kraftmimarlikinsaat.com\/insaat\/wp-json\/wp\/v2\/pages\/647\/revisions"}],"predecessor-version":[{"id":648,"href":"https:\/\/www.kraftmimarlikinsaat.com\/insaat\/wp-json\/wp\/v2\/pages\/647\/revisions\/648"}],"wp:attachment":[{"href":"https:\/\/www.kraftmimarlikinsaat.com\/insaat\/wp-json\/wp\/v2\/media?parent=647"}],"curies":[{"name":"wp","href":"https:\/\/api.w.org\/{rel}","templated":true}]}}