{"id":48,"date":"2014-12-29T11:30:41","date_gmt":"2014-12-29T11:30:41","guid":{"rendered":"http:\/\/themes.muffingroup.com\/be\/hosting\/?page_id=48"},"modified":"2021-11-04T00:31:46","modified_gmt":"2021-11-03T21:31:46","slug":"iletisim","status":"publish","type":"page","link":"https:\/\/www.kraftmimarlikinsaat.com\/mimarlik\/iletisim\/","title":{"rendered":"\u0130LET\u0130\u015e\u0130M"},"content":{"rendered":"","protected":false},"excerpt":{"rendered":"","protected":false},"author":1,"featured_media":0,"parent":0,"menu_order":0,"comment_status":"open","ping_status":"open","template":"","meta":{"footnotes":""},"class_list":["post-48","page","type-page","status-publish","hentry"],"_links":{"self":[{"href":"https:\/\/www.kraftmimarlikinsaat.com\/mimarlik\/wp-json\/wp\/v2\/pages\/48","targetHints":{"allow":["GET"]}}],"collection":[{"href":"https:\/\/www.kraftmimarlikinsaat.com\/mimarlik\/wp-json\/wp\/v2\/pages"}],"about":[{"href":"https:\/\/www.kraftmimarlikinsaat.com\/mimarlik\/wp-json\/wp\/v2\/types\/page"}],"author":[{"embeddable":true,"href":"https:\/\/www.kraftmimarlikinsaat.com\/mimarlik\/wp-json\/wp\/v2\/users\/1"}],"replies":[{"embeddable":true,"href":"https:\/\/www.kraftmimarlikinsaat.com\/mimarlik\/wp-json\/wp\/v2\/comments?post=48"}],"version-history":[{"count":2,"href":"https:\/\/www.kraftmimarlikinsaat.com\/mimarlik\/wp-json\/wp\/v2\/pages\/48\/revisions"}],"predecessor-version":[{"id":150,"href":"https:\/\/www.kraftmimarlikinsaat.com\/mimarlik\/wp-json\/wp\/v2\/pages\/48\/revisions\/150"}],"wp:attachment":[{"href":"https:\/\/www.kraftmimarlikinsaat.com\/mimarlik\/wp-json\/wp\/v2\/media?parent=48"}],"curies":[{"name":"wp","href":"https:\/\/api.w.org\/{rel}","templated":true}]}}